{"id":99,"date":"2024-12-27T14:42:49","date_gmt":"2024-12-27T13:42:49","guid":{"rendered":"https:\/\/mvtfdesign.com\/?post_type=product&#038;p=99"},"modified":"2024-12-27T14:57:59","modified_gmt":"2024-12-27T13:57:59","slug":"sweat-shirt-femme-a-personnaliser","status":"publish","type":"product","link":"https:\/\/mvtfdesign.com\/index.php\/produit\/sweat-shirt-femme-a-personnaliser\/","title":{"rendered":"Sweat-Shirt Femme \u00e0 personnaliser"},"content":{"rendered":"<p>Ce sweat-shirt femme 50% coton et 50% polyester est tr\u00e8s confortable en plus d&rsquo;avoir une bonne long\u00e9vit\u00e9 gr\u00e2ce \u00e0 la haute r\u00e9sistance de son grammage \u00e9pais et \u00e0 sa combinaison de coton et de polyester. Disponible en diff\u00e9rentes couleurs, vous trouverez forc\u00e9ment le coloris qui vous correspond.<\/p>\n<p>Le sweat-shirt avec l&rsquo;option capuche est un des produits les plus demand\u00e9s de notre site, il est tr\u00e8s appr\u00e9ci\u00e9 par nos clients. Avec une coupe ample et des manches mont\u00e9es, vous ne serrez pas g\u00ean\u00e9 dans vos mouvements.<\/p>\n<p>Les finitions de ce sweat-shirt sont tr\u00e8s abouties, car elles sont en double-piq\u00fbre.<\/p>\n","protected":false},"excerpt":{"rendered":"<p>Propos\u00e9 de la taille XXS \u00e0 la taille XXXL, ce sweat-shirt 50% coton et 50% polyester est tr\u00e8s confortable en plus d&rsquo;avoir une bonne long\u00e9vit\u00e9 gr\u00e2ce \u00e0 la haute r\u00e9sistance de son grammage \u00e9pais et \u00e0 sa combinaison de coton et de polyester. Disponible en diff\u00e9rentes couleurs, vous trouverez forc\u00e9ment le coloris qui vous correspond. Disponible avec une capuche en option.<\/p>\n","protected":false},"featured_media":98,"comment_status":"open","ping_status":"closed","template":"","meta":{"_et_pb_use_builder":"","_et_pb_old_content":"","_et_gb_content_width":""},"product_brand":[],"product_cat":[17],"product_tag":[],"class_list":{"0":"post-99","1":"product","2":"type-product","3":"status-publish","4":"has-post-thumbnail","6":"product_cat-vetement","8":"first","9":"instock","10":"shipping-taxable","11":"purchasable","12":"product-type-simple"},"_links":{"self":[{"href":"https:\/\/mvtfdesign.com\/index.php\/wp-json\/wp\/v2\/product\/99","targetHints":{"allow":["GET"]}}],"collection":[{"href":"https:\/\/mvtfdesign.com\/index.php\/wp-json\/wp\/v2\/product"}],"about":[{"href":"https:\/\/mvtfdesign.com\/index.php\/wp-json\/wp\/v2\/types\/product"}],"replies":[{"embeddable":true,"href":"https:\/\/mvtfdesign.com\/index.php\/wp-json\/wp\/v2\/comments?post=99"}],"wp:featuredmedia":[{"embeddable":true,"href":"https:\/\/mvtfdesign.com\/index.php\/wp-json\/wp\/v2\/media\/98"}],"wp:attachment":[{"href":"https:\/\/mvtfdesign.com\/index.php\/wp-json\/wp\/v2\/media?parent=99"}],"wp:term":[{"taxonomy":"product_brand","embeddable":true,"href":"https:\/\/mvtfdesign.com\/index.php\/wp-json\/wp\/v2\/product_brand?post=99"},{"taxonomy":"product_cat","embeddable":true,"href":"https:\/\/mvtfdesign.com\/index.php\/wp-json\/wp\/v2\/product_cat?post=99"},{"taxonomy":"product_tag","embeddable":true,"href":"https:\/\/mvtfdesign.com\/index.php\/wp-json\/wp\/v2\/product_tag?post=99"}],"curies":[{"name":"wp","href":"https:\/\/api.w.org\/{rel}","templated":true}]}}