{"id":88,"date":"2024-12-27T13:04:14","date_gmt":"2024-12-27T12:04:14","guid":{"rendered":"https:\/\/mvtfdesign.com\/?post_type=product&#038;p=88"},"modified":"2024-12-27T13:25:18","modified_gmt":"2024-12-27T12:25:18","slug":"tee-shirt-homme-a-personnaliser","status":"publish","type":"product","link":"https:\/\/mvtfdesign.com\/index.php\/produit\/tee-shirt-homme-a-personnaliser\/","title":{"rendered":"Tee-Shirt Homme \u00e0 personnaliser"},"content":{"rendered":"<p>Le tee-shirt uni qui s&rsquo;assortit avec tous vos v\u00eatements vous est pr\u00e9sent\u00e9 ici en diff\u00e9rents coloris. De coupe classique, avec son col rond, il ira aussi bien aux hommes qu&rsquo;aux enfants.<\/p>\n<p>V\u00e9ritable tee-shirt de base, il est fa\u00e7onn\u00e9 en 100% coton semi-peign\u00e9 avec bande de propret\u00e9 au col qui est en bord c\u00f4te avec \u00e9lasthanne, pour plus de confort et plus de r\u00e9sistance.<\/p>\n<p>Il s&rsquo;agit de Tee-shirts \u00e0 manches courtes et \u00e0 col rond en tissu 100% coton de poids moyen 150g\/m2. Ni trop fin, ni trop \u00e9pais !<\/p>\n<p>Propos\u00e9 de la taille XXS \u00e0 la taille XXXL, ce v\u00eatement incontournable peut-\u00eatre command\u00e9 en nombre avec des tarifs d\u00e9gressifs tr\u00e8s int\u00e9ressants. Associations, responsables d&rsquo;\u00e9quipe, pensez-y pour uniformiser les travailleurs ou les sportifs.<\/p>\n","protected":false},"excerpt":{"rendered":"<p>Propos\u00e9 de la taille XXS \u00e0 la taille XXXL, v\u00e9ritable tee-shirt de base, il est fa\u00e7onn\u00e9 en 100% coton semi-peign\u00e9 avec bande de propret\u00e9 au col qui est en bord c\u00f4te, pour plus de confort et plus de r\u00e9sistance.<\/p>\n","protected":false},"featured_media":89,"comment_status":"open","ping_status":"closed","template":"","meta":{"_et_pb_use_builder":"","_et_pb_old_content":"","_et_gb_content_width":""},"product_brand":[],"product_cat":[17],"product_tag":[],"class_list":{"0":"post-88","1":"product","2":"type-product","3":"status-publish","4":"has-post-thumbnail","6":"product_cat-vetement","8":"first","9":"instock","10":"shipping-taxable","11":"purchasable","12":"product-type-simple"},"_links":{"self":[{"href":"https:\/\/mvtfdesign.com\/index.php\/wp-json\/wp\/v2\/product\/88","targetHints":{"allow":["GET"]}}],"collection":[{"href":"https:\/\/mvtfdesign.com\/index.php\/wp-json\/wp\/v2\/product"}],"about":[{"href":"https:\/\/mvtfdesign.com\/index.php\/wp-json\/wp\/v2\/types\/product"}],"replies":[{"embeddable":true,"href":"https:\/\/mvtfdesign.com\/index.php\/wp-json\/wp\/v2\/comments?post=88"}],"wp:featuredmedia":[{"embeddable":true,"href":"https:\/\/mvtfdesign.com\/index.php\/wp-json\/wp\/v2\/media\/89"}],"wp:attachment":[{"href":"https:\/\/mvtfdesign.com\/index.php\/wp-json\/wp\/v2\/media?parent=88"}],"wp:term":[{"taxonomy":"product_brand","embeddable":true,"href":"https:\/\/mvtfdesign.com\/index.php\/wp-json\/wp\/v2\/product_brand?post=88"},{"taxonomy":"product_cat","embeddable":true,"href":"https:\/\/mvtfdesign.com\/index.php\/wp-json\/wp\/v2\/product_cat?post=88"},{"taxonomy":"product_tag","embeddable":true,"href":"https:\/\/mvtfdesign.com\/index.php\/wp-json\/wp\/v2\/product_tag?post=88"}],"curies":[{"name":"wp","href":"https:\/\/api.w.org\/{rel}","templated":true}]}}