{"id":275,"date":"2025-01-02T23:18:43","date_gmt":"2025-01-02T22:18:43","guid":{"rendered":"https:\/\/mvtfdesign.com\/?post_type=product&#038;p=275"},"modified":"2025-01-02T23:22:32","modified_gmt":"2025-01-02T22:22:32","slug":"flyer","status":"publish","type":"product","link":"https:\/\/mvtfdesign.com\/index.php\/produit\/flyer\/","title":{"rendered":"Flyer"},"content":{"rendered":"<p>Pour booster votre communication commerciale et vous fournir une papeterie de qualit\u00e9, MVTF Design vous propose un large choix de cartes de visite avec une multitude de supports et de finitions disponible en impression en ligne. Le flyer publicitaire est un support de communication imprim\u00e9 utilis\u00e9 pour promouvoir des produits, services ou \u00e9v\u00e9nement<\/p>\n","protected":false},"excerpt":{"rendered":"<p>Pour booster votre communication commerciale et vous fournir une papeterie de qualit\u00e9, MVTF Design vous propose un large choix de flyer<\/p>\n","protected":false},"featured_media":276,"comment_status":"open","ping_status":"closed","template":"","meta":{"_et_pb_use_builder":"","_et_pb_old_content":"","_et_gb_content_width":""},"product_brand":[],"product_cat":[23],"product_tag":[],"class_list":{"0":"post-275","1":"product","2":"type-product","3":"status-publish","4":"has-post-thumbnail","6":"product_cat-carte-de-visite","8":"first","9":"instock","10":"shipping-taxable","11":"purchasable","12":"product-type-simple"},"_links":{"self":[{"href":"https:\/\/mvtfdesign.com\/index.php\/wp-json\/wp\/v2\/product\/275","targetHints":{"allow":["GET"]}}],"collection":[{"href":"https:\/\/mvtfdesign.com\/index.php\/wp-json\/wp\/v2\/product"}],"about":[{"href":"https:\/\/mvtfdesign.com\/index.php\/wp-json\/wp\/v2\/types\/product"}],"replies":[{"embeddable":true,"href":"https:\/\/mvtfdesign.com\/index.php\/wp-json\/wp\/v2\/comments?post=275"}],"wp:featuredmedia":[{"embeddable":true,"href":"https:\/\/mvtfdesign.com\/index.php\/wp-json\/wp\/v2\/media\/276"}],"wp:attachment":[{"href":"https:\/\/mvtfdesign.com\/index.php\/wp-json\/wp\/v2\/media?parent=275"}],"wp:term":[{"taxonomy":"product_brand","embeddable":true,"href":"https:\/\/mvtfdesign.com\/index.php\/wp-json\/wp\/v2\/product_brand?post=275"},{"taxonomy":"product_cat","embeddable":true,"href":"https:\/\/mvtfdesign.com\/index.php\/wp-json\/wp\/v2\/product_cat?post=275"},{"taxonomy":"product_tag","embeddable":true,"href":"https:\/\/mvtfdesign.com\/index.php\/wp-json\/wp\/v2\/product_tag?post=275"}],"curies":[{"name":"wp","href":"https:\/\/api.w.org\/{rel}","templated":true}]}}