{"id":218,"date":"2024-12-31T16:07:25","date_gmt":"2024-12-31T15:07:25","guid":{"rendered":"https:\/\/mvtfdesign.com\/?post_type=product&#038;p=218"},"modified":"2024-12-31T16:12:27","modified_gmt":"2024-12-31T15:12:27","slug":"flamme-personnalisable","status":"publish","type":"product","link":"https:\/\/mvtfdesign.com\/index.php\/produit\/flamme-personnalisable\/","title":{"rendered":"Flamme personnalisable"},"content":{"rendered":"<p>MVTF Design vous propose le drapeau flamme personnalisable, le support de communication par excellence. La flamme est un support mobile avec toile int\u00e9gr\u00e9e. L&rsquo;impression num\u00e9rique sur la toile fait de ce drapeau un produit de qualit\u00e9, id\u00e9al pour une utilisation \u00e0 long terme.<\/p>\n<p>Le\u00a0produit avec sa structure en aluminium est\u00a0facile \u00e0 installer.<\/p>\n<p>Une fois mont\u00e9e, la toile est bien tendue en haut et en bas par les structures en aluminium. Elle\u00a0ne s\u2019incurve pas, ne plisse pas et ne refl\u00e8te pas pour une parfaite visibilit\u00e9 de vos communications.<\/p>\n<p>Communiquez avec un beau drapeau flamme, r\u00e9sistant et \u00e0 un prix attractif. C&rsquo;est un outil parfait pour un salon, un congr\u00e8s, une expo, un hall d&rsquo;accueil&#8230;<\/p>\n<p><strong>Pourquoi choisir ce produit ?<\/strong><\/p>\n<ul>\n<li>Impression et produit de qualit\u00e9.<\/li>\n<li>Livr\u00e9 avec sa housse de transport.<\/li>\n<li>Tr\u00e8s facile\u00a0\u00e0 installer et \u00e0 d\u00e9placer.<\/li>\n<li><label>Dimensions : <\/label>85 cm x 213 cm<\/li>\n<\/ul>\n<div class=\"unfold-trigger js-unfold-trigger hidden-xs hidden-sm hidden-md\" data-item-id=\"product_description_desktop\" data-state=\"folded\"><\/div>\n","protected":false},"excerpt":{"rendered":"<p>MVTF Design vous propose le drapeau flamme personnalisable, le support de communication par excellence. La flamme est un support mobile avec toile int\u00e9gr\u00e9e.<\/p>\n","protected":false},"featured_media":0,"comment_status":"open","ping_status":"closed","template":"","meta":{"_et_pb_use_builder":"","_et_pb_old_content":"","_et_gb_content_width":""},"product_brand":[],"product_cat":[22],"product_tag":[],"class_list":{"0":"post-218","1":"product","2":"type-product","3":"status-publish","5":"product_cat-publicite","7":"first","8":"instock","9":"shipping-taxable","10":"purchasable","11":"product-type-simple"},"_links":{"self":[{"href":"https:\/\/mvtfdesign.com\/index.php\/wp-json\/wp\/v2\/product\/218","targetHints":{"allow":["GET"]}}],"collection":[{"href":"https:\/\/mvtfdesign.com\/index.php\/wp-json\/wp\/v2\/product"}],"about":[{"href":"https:\/\/mvtfdesign.com\/index.php\/wp-json\/wp\/v2\/types\/product"}],"replies":[{"embeddable":true,"href":"https:\/\/mvtfdesign.com\/index.php\/wp-json\/wp\/v2\/comments?post=218"}],"wp:attachment":[{"href":"https:\/\/mvtfdesign.com\/index.php\/wp-json\/wp\/v2\/media?parent=218"}],"wp:term":[{"taxonomy":"product_brand","embeddable":true,"href":"https:\/\/mvtfdesign.com\/index.php\/wp-json\/wp\/v2\/product_brand?post=218"},{"taxonomy":"product_cat","embeddable":true,"href":"https:\/\/mvtfdesign.com\/index.php\/wp-json\/wp\/v2\/product_cat?post=218"},{"taxonomy":"product_tag","embeddable":true,"href":"https:\/\/mvtfdesign.com\/index.php\/wp-json\/wp\/v2\/product_tag?post=218"}],"curies":[{"name":"wp","href":"https:\/\/api.w.org\/{rel}","templated":true}]}}