{"id":149,"date":"2024-12-28T23:06:22","date_gmt":"2024-12-28T22:06:22","guid":{"rendered":"https:\/\/mvtfdesign.com\/?post_type=product&#038;p=149"},"modified":"2024-12-28T23:06:22","modified_gmt":"2024-12-28T22:06:22","slug":"sac-personnalisable","status":"publish","type":"product","link":"https:\/\/mvtfdesign.com\/index.php\/produit\/sac-personnalisable\/","title":{"rendered":"Sac personnalisable"},"content":{"rendered":"<p>MVTF Design permet de vous distinguer avec nos sacs personnalisables, parfaits pour renforcer l&rsquo;image de votre entreprise, association ou collectivit\u00e9. Id\u00e9aux pour les voyages d&rsquo;affaires, \u00e9v\u00e9nements professionnels ou comme cadeaux d&rsquo;entreprise, ces produits promotionnels sont un moyen \u00e9l\u00e9gant de transporter votre marque.<\/p>\n","protected":false},"excerpt":{"rendered":"<p>Distinguez-vous avec\u00a0notre s\u00e9lection de sacs personnalisables, parfaits pour renforcer l&rsquo;image de votre entreprise.<\/p>\n","protected":false},"featured_media":150,"comment_status":"open","ping_status":"closed","template":"","meta":{"_et_pb_use_builder":"","_et_pb_old_content":"","_et_gb_content_width":""},"product_brand":[],"product_cat":[19],"product_tag":[],"class_list":{"0":"post-149","1":"product","2":"type-product","3":"status-publish","4":"has-post-thumbnail","6":"product_cat-objet-publicitaire","8":"first","9":"instock","10":"shipping-taxable","11":"purchasable","12":"product-type-simple"},"_links":{"self":[{"href":"https:\/\/mvtfdesign.com\/index.php\/wp-json\/wp\/v2\/product\/149","targetHints":{"allow":["GET"]}}],"collection":[{"href":"https:\/\/mvtfdesign.com\/index.php\/wp-json\/wp\/v2\/product"}],"about":[{"href":"https:\/\/mvtfdesign.com\/index.php\/wp-json\/wp\/v2\/types\/product"}],"replies":[{"embeddable":true,"href":"https:\/\/mvtfdesign.com\/index.php\/wp-json\/wp\/v2\/comments?post=149"}],"wp:featuredmedia":[{"embeddable":true,"href":"https:\/\/mvtfdesign.com\/index.php\/wp-json\/wp\/v2\/media\/150"}],"wp:attachment":[{"href":"https:\/\/mvtfdesign.com\/index.php\/wp-json\/wp\/v2\/media?parent=149"}],"wp:term":[{"taxonomy":"product_brand","embeddable":true,"href":"https:\/\/mvtfdesign.com\/index.php\/wp-json\/wp\/v2\/product_brand?post=149"},{"taxonomy":"product_cat","embeddable":true,"href":"https:\/\/mvtfdesign.com\/index.php\/wp-json\/wp\/v2\/product_cat?post=149"},{"taxonomy":"product_tag","embeddable":true,"href":"https:\/\/mvtfdesign.com\/index.php\/wp-json\/wp\/v2\/product_tag?post=149"}],"curies":[{"name":"wp","href":"https:\/\/api.w.org\/{rel}","templated":true}]}}