{"id":147,"date":"2024-12-28T22:27:26","date_gmt":"2024-12-28T21:27:26","guid":{"rendered":"https:\/\/mvtfdesign.com\/?post_type=product&#038;p=147"},"modified":"2025-07-18T22:01:50","modified_gmt":"2025-07-18T20:01:50","slug":"roll-up-personnalisable-avec-enrouleur","status":"publish","type":"product","link":"https:\/\/mvtfdesign.com\/index.php\/produit\/roll-up-personnalisable-avec-enrouleur\/","title":{"rendered":"Roll up personnalisable\u00a0avec enrouleur"},"content":{"rendered":"<p>MVTF Design vous propose le roll&rsquo;up personnalisable, le support de communication par excellence. Le roll&rsquo;up est une support mobile avec toile int\u00e9gr\u00e9e. L&rsquo;impression num\u00e9rique sur la toile fait de ce kakemono un produit de qualit\u00e9, id\u00e9al pour une utilisation \u00e0 long terme.<\/p>\n<p>Le\u00a0produit avec sa structure en aluminium est\u00a0facile \u00e0 installer.\u00a0La\u00a0toile est enroul\u00e9e dans la base, vous obtenez donc un produit fini de qualit\u00e9, bien prot\u00e9g\u00e9 pour le transport et le stockage. Vous n&rsquo;avez plus qu&rsquo;\u00e0 d\u00e9rouler la toile et \u00e0 l&rsquo;installer sur votre stand, ou \u00e0 l&rsquo;accueil&#8230;<\/p>\n<p>Une fois mont\u00e9e, la toile est bien tendue en haut et en bas par les structures en aluminium. Elle\u00a0ne s\u2019incurve pas, ne plisse pas et ne refl\u00e8te pas pour une parfaite visibilit\u00e9 de vos communications.<\/p>\n<p>Communiquez avec un beau roll&rsquo;up, r\u00e9sistant et \u00e0 un prix attractif. C&rsquo;est un outil parfait pour un salon, un congr\u00e8s, une expo, un hall d&rsquo;accueil&#8230;<\/p>\n<p><strong>Pourquoi choisir ce produit ?<\/strong><\/p>\n<ul>\n<li>Impression et produit de qualit\u00e9.<\/li>\n<li>Livr\u00e9 avec sa housse de transport.<\/li>\n<li>Tr\u00e8s facile\u00a0\u00e0 installer et \u00e0 d\u00e9placer.<\/li>\n<li><label>Dimensions : <\/label>85 cm x 213 cm<\/li>\n<\/ul>\n<div class=\"unfold-trigger js-unfold-trigger hidden-xs hidden-sm hidden-md\" data-item-id=\"product_description_desktop\" data-state=\"folded\"><\/div>\n","protected":false},"excerpt":{"rendered":"<p>MVTF Design vous propose le roll&rsquo;up personnalisable, le support de communication par excellence. Le roll&rsquo;up est une support mobile avec toile int\u00e9gr\u00e9e.<\/p>\n","protected":false},"featured_media":148,"comment_status":"open","ping_status":"closed","template":"","meta":{"_et_pb_use_builder":"","_et_pb_old_content":"","_et_gb_content_width":""},"product_brand":[],"product_cat":[22,25],"product_tag":[],"class_list":{"0":"post-147","1":"product","2":"type-product","3":"status-publish","4":"has-post-thumbnail","6":"product_cat-publicite","7":"product_cat-rollup","9":"first","10":"instock","11":"shipping-taxable","12":"purchasable","13":"product-type-simple"},"_links":{"self":[{"href":"https:\/\/mvtfdesign.com\/index.php\/wp-json\/wp\/v2\/product\/147","targetHints":{"allow":["GET"]}}],"collection":[{"href":"https:\/\/mvtfdesign.com\/index.php\/wp-json\/wp\/v2\/product"}],"about":[{"href":"https:\/\/mvtfdesign.com\/index.php\/wp-json\/wp\/v2\/types\/product"}],"replies":[{"embeddable":true,"href":"https:\/\/mvtfdesign.com\/index.php\/wp-json\/wp\/v2\/comments?post=147"}],"wp:featuredmedia":[{"embeddable":true,"href":"https:\/\/mvtfdesign.com\/index.php\/wp-json\/wp\/v2\/media\/148"}],"wp:attachment":[{"href":"https:\/\/mvtfdesign.com\/index.php\/wp-json\/wp\/v2\/media?parent=147"}],"wp:term":[{"taxonomy":"product_brand","embeddable":true,"href":"https:\/\/mvtfdesign.com\/index.php\/wp-json\/wp\/v2\/product_brand?post=147"},{"taxonomy":"product_cat","embeddable":true,"href":"https:\/\/mvtfdesign.com\/index.php\/wp-json\/wp\/v2\/product_cat?post=147"},{"taxonomy":"product_tag","embeddable":true,"href":"https:\/\/mvtfdesign.com\/index.php\/wp-json\/wp\/v2\/product_tag?post=147"}],"curies":[{"name":"wp","href":"https:\/\/api.w.org\/{rel}","templated":true}]}}