{"id":140,"date":"2024-12-28T21:05:53","date_gmt":"2024-12-28T20:05:53","guid":{"rendered":"https:\/\/mvtfdesign.com\/?post_type=product&#038;p=140"},"modified":"2024-12-28T21:12:00","modified_gmt":"2024-12-28T20:12:00","slug":"plaque-aimantee-personnalise-rectangulaire","status":"publish","type":"product","link":"https:\/\/mvtfdesign.com\/index.php\/produit\/plaque-aimantee-personnalise-rectangulaire\/","title":{"rendered":"Plaque aimant\u00e9e personnalis\u00e9 rectangulaire"},"content":{"rendered":"<p>En ajoutant des plaques aimant\u00e9es \u00e0 vos v\u00e9hicules de soci\u00e9t\u00e9s, vous vous assurez une visibilit\u00e9 gratuite sur la voie publique.<\/p>\n<p>Nos plaques aimant\u00e9es pour v\u00e9hicules sont disponibles en diff\u00e9rentes tailles, se fixent sur la carrosserie et r\u00e9sistent parfaitement aux intemp\u00e9ries. Peu importe le type de votre v\u00e9hicule, vous pouvez toujours y fixer l\u2019un de nos formats.<\/p>\n<p>Les autocollants sont imprim\u00e9s sur des vinyles adh\u00e9sifs, et sont ensuite d\u00e9coup\u00e9s selon le format choisi par le client.<\/p>\n<h5>Plaques aimant\u00e9es pour voitures :<\/h5>\n<p>La feuille aimant\u00e9e que nous utilisons pour produire votre plaque a une \u00e9paisseur de 0,75 mm et sa force d\u2019attraction est sup\u00e9rieure \u00e0 35 g\/cm\u00b2. Une force d\u2019attraction \u00e9lev\u00e9e est un facteur essentiel pour les plaques de voiture aimant\u00e9es; car votre plaque doit rester coll\u00e9e, quelle que soit la vitesse \u00e0 laquelle vous conduisez\u2009!<br \/>\nNotre plaque a une face aimant\u00e9e et peut \u00eatre fix\u00e9e sur toute surface en acier. Elle ne laissera aucun r\u00e9sidu et son adh\u00e9rence ne s\u2019estompera jamais.<\/p>\n","protected":false},"excerpt":{"rendered":"<p>Les plaques aimant\u00e9es pour v\u00e9hicules sont disponibles en diff\u00e9rentes tailles, se fixent sur la carrosserie et r\u00e9sistent parfaitement aux intemp\u00e9ries.<\/p>\n","protected":false},"featured_media":101,"comment_status":"open","ping_status":"closed","template":"","meta":{"_et_pb_use_builder":"","_et_pb_old_content":"","_et_gb_content_width":""},"product_brand":[],"product_cat":[18],"product_tag":[],"class_list":{"0":"post-140","1":"product","2":"type-product","3":"status-publish","4":"has-post-thumbnail","6":"product_cat-vehicule","8":"first","9":"instock","10":"shipping-taxable","11":"purchasable","12":"product-type-simple"},"_links":{"self":[{"href":"https:\/\/mvtfdesign.com\/index.php\/wp-json\/wp\/v2\/product\/140","targetHints":{"allow":["GET"]}}],"collection":[{"href":"https:\/\/mvtfdesign.com\/index.php\/wp-json\/wp\/v2\/product"}],"about":[{"href":"https:\/\/mvtfdesign.com\/index.php\/wp-json\/wp\/v2\/types\/product"}],"replies":[{"embeddable":true,"href":"https:\/\/mvtfdesign.com\/index.php\/wp-json\/wp\/v2\/comments?post=140"}],"wp:featuredmedia":[{"embeddable":true,"href":"https:\/\/mvtfdesign.com\/index.php\/wp-json\/wp\/v2\/media\/101"}],"wp:attachment":[{"href":"https:\/\/mvtfdesign.com\/index.php\/wp-json\/wp\/v2\/media?parent=140"}],"wp:term":[{"taxonomy":"product_brand","embeddable":true,"href":"https:\/\/mvtfdesign.com\/index.php\/wp-json\/wp\/v2\/product_brand?post=140"},{"taxonomy":"product_cat","embeddable":true,"href":"https:\/\/mvtfdesign.com\/index.php\/wp-json\/wp\/v2\/product_cat?post=140"},{"taxonomy":"product_tag","embeddable":true,"href":"https:\/\/mvtfdesign.com\/index.php\/wp-json\/wp\/v2\/product_tag?post=140"}],"curies":[{"name":"wp","href":"https:\/\/api.w.org\/{rel}","templated":true}]}}