{"id":113,"date":"2024-12-28T19:15:43","date_gmt":"2024-12-28T18:15:43","guid":{"rendered":"https:\/\/mvtfdesign.com\/?post_type=product&#038;p=113"},"modified":"2024-12-28T20:07:39","modified_gmt":"2024-12-28T19:07:39","slug":"enseigne-lumineuse","status":"publish","type":"product","link":"https:\/\/mvtfdesign.com\/index.php\/produit\/enseigne-lumineuse\/","title":{"rendered":"Enseigne lumineuse"},"content":{"rendered":"<p>Personnalisez votre\u00a0enseigne\u00a0ou n\u00e9on en ligne. Avec votre visuel, votre logo ou votre texte, donnez vie \u00e0 une\u00a0enseigne\u00a0en tube LED flexible unique !<\/p>\n<p>MVTF Design r\u00e9alise votre logo et enseigne lumineuse en r\u00e9tro-\u00e9clairage pour une lumi\u00e8re douce et diffuse. MVTF Design vous permet la personnalisation de la d\u00e9coupe de votre enseigne en lettres d\u00e9coup\u00e9es ou logo d\u00e9coup\u00e9 avec r\u00e9tro \u00e9clairage leds.<\/p>\n<p>MVTF Design, c&rsquo;est aussi la simplicit\u00e9 : vous commandez votre enseigne en KIT en lettres d\u00e9coup\u00e9es et vous pouvez la poser facilement gr\u00e2ce au plan de pose papier que nous vous fournissons.<\/p>\n","protected":false},"excerpt":{"rendered":"<p>Personnalisez votre\u00a0<em>enseigne<\/em>\u00a0ou n\u00e9on en ligne. Avec votre visuel, votre logo ou votre texte, donnez vie \u00e0 une\u00a0enseigne\u00a0en tube LED flexible unique !<\/p>\n","protected":false},"featured_media":115,"comment_status":"open","ping_status":"closed","template":"","meta":{"_et_pb_use_builder":"","_et_pb_old_content":"","_et_gb_content_width":""},"product_brand":[],"product_cat":[20],"product_tag":[],"class_list":{"0":"post-113","1":"product","2":"type-product","3":"status-publish","4":"has-post-thumbnail","6":"product_cat-enseigne","8":"first","9":"instock","10":"shipping-taxable","11":"purchasable","12":"product-type-simple"},"_links":{"self":[{"href":"https:\/\/mvtfdesign.com\/index.php\/wp-json\/wp\/v2\/product\/113","targetHints":{"allow":["GET"]}}],"collection":[{"href":"https:\/\/mvtfdesign.com\/index.php\/wp-json\/wp\/v2\/product"}],"about":[{"href":"https:\/\/mvtfdesign.com\/index.php\/wp-json\/wp\/v2\/types\/product"}],"replies":[{"embeddable":true,"href":"https:\/\/mvtfdesign.com\/index.php\/wp-json\/wp\/v2\/comments?post=113"}],"wp:featuredmedia":[{"embeddable":true,"href":"https:\/\/mvtfdesign.com\/index.php\/wp-json\/wp\/v2\/media\/115"}],"wp:attachment":[{"href":"https:\/\/mvtfdesign.com\/index.php\/wp-json\/wp\/v2\/media?parent=113"}],"wp:term":[{"taxonomy":"product_brand","embeddable":true,"href":"https:\/\/mvtfdesign.com\/index.php\/wp-json\/wp\/v2\/product_brand?post=113"},{"taxonomy":"product_cat","embeddable":true,"href":"https:\/\/mvtfdesign.com\/index.php\/wp-json\/wp\/v2\/product_cat?post=113"},{"taxonomy":"product_tag","embeddable":true,"href":"https:\/\/mvtfdesign.com\/index.php\/wp-json\/wp\/v2\/product_tag?post=113"}],"curies":[{"name":"wp","href":"https:\/\/api.w.org\/{rel}","templated":true}]}}