{"id":100,"date":"2024-12-27T15:22:34","date_gmt":"2024-12-27T14:22:34","guid":{"rendered":"https:\/\/mvtfdesign.com\/?post_type=product&#038;p=100"},"modified":"2025-04-17T08:00:18","modified_gmt":"2025-04-17T06:00:18","slug":"autocollant-personnalise-carre","status":"publish","type":"product","link":"https:\/\/mvtfdesign.com\/index.php\/produit\/autocollant-personnalise-carre\/","title":{"rendered":"Autocollant personnalis\u00e9 carr\u00e9"},"content":{"rendered":"<p>En ajoutant des autocollants \u00e0 vos v\u00e9hicules de soci\u00e9t\u00e9s, vous vous assurez une visibilit\u00e9 gratuite sur la voie publique.<\/p>\n<p>Nos autocollants pour v\u00e9hicules sont disponibles en diff\u00e9rentes tailles, se collent sur la carrosserie ou sur la vitre arri\u00e8re et r\u00e9sistent parfaitement aux intemp\u00e9ries. Peu importe le type de votre v\u00e9hicule, vous pouvez toujours y coller l\u2019un de nos formats.<\/p>\n<p>Les autocollants sont imprim\u00e9s sur des vinyles adh\u00e9sifs, et sont ensuite d\u00e9coup\u00e9s selon le format choisi par le client.<\/p>\n<h5>Vinyle pour voitures\u00a0:<\/h5>\n<p>Mat\u00e9riau durable et de qualit\u00e9, notre vinyle de 3\u00a0mm d\u2019\u00e9paisseur est auto-adh\u00e9sif et adh\u00e8re \u00e0 la plupart des surfaces. Il est \u00e9galement r\u00e9sistant aux intemp\u00e9ries, amovible et ne se d\u00e9colore pas avec le temps.<\/p>\n<h5>Vinyle pour vitre arri\u00e8re :<\/h5>\n<p>Nous imprimerons votre motif sur du vinyle adh\u00e9sif perfor\u00e9 afin qu\u2019il adh\u00e8re \u00e0 votre vitre. Et parce que le vinyle offre une vision unidirectionnelle, la lumi\u00e8re pourra toujours passer \u00e0 travers.<\/p>\n","protected":false},"excerpt":{"rendered":"<p>Les autocollants pour v\u00e9hicules sont disponibles en diff\u00e9rentes tailles, se collent sur la carrosserie ou sur la vitre arri\u00e8re et r\u00e9sistent parfaitement aux intemp\u00e9ries.<\/p>\n","protected":false},"featured_media":101,"comment_status":"open","ping_status":"closed","template":"","meta":{"_et_pb_use_builder":"","_et_pb_old_content":"","_et_gb_content_width":""},"product_brand":[],"product_cat":[18],"product_tag":[],"class_list":{"0":"post-100","1":"product","2":"type-product","3":"status-publish","4":"has-post-thumbnail","6":"product_cat-vehicule","8":"first","9":"instock","10":"shipping-taxable","11":"purchasable","12":"product-type-simple"},"_links":{"self":[{"href":"https:\/\/mvtfdesign.com\/index.php\/wp-json\/wp\/v2\/product\/100","targetHints":{"allow":["GET"]}}],"collection":[{"href":"https:\/\/mvtfdesign.com\/index.php\/wp-json\/wp\/v2\/product"}],"about":[{"href":"https:\/\/mvtfdesign.com\/index.php\/wp-json\/wp\/v2\/types\/product"}],"replies":[{"embeddable":true,"href":"https:\/\/mvtfdesign.com\/index.php\/wp-json\/wp\/v2\/comments?post=100"}],"wp:featuredmedia":[{"embeddable":true,"href":"https:\/\/mvtfdesign.com\/index.php\/wp-json\/wp\/v2\/media\/101"}],"wp:attachment":[{"href":"https:\/\/mvtfdesign.com\/index.php\/wp-json\/wp\/v2\/media?parent=100"}],"wp:term":[{"taxonomy":"product_brand","embeddable":true,"href":"https:\/\/mvtfdesign.com\/index.php\/wp-json\/wp\/v2\/product_brand?post=100"},{"taxonomy":"product_cat","embeddable":true,"href":"https:\/\/mvtfdesign.com\/index.php\/wp-json\/wp\/v2\/product_cat?post=100"},{"taxonomy":"product_tag","embeddable":true,"href":"https:\/\/mvtfdesign.com\/index.php\/wp-json\/wp\/v2\/product_tag?post=100"}],"curies":[{"name":"wp","href":"https:\/\/api.w.org\/{rel}","templated":true}]}}